{"id":10411,"date":"2025-05-10T17:50:18","date_gmt":"2025-05-10T17:50:18","guid":{"rendered":"https:\/\/agencianueva.cl\/?page_id=10411"},"modified":"2025-05-13T02:11:54","modified_gmt":"2025-05-13T02:11:54","slug":"que-es-un-dominio","status":"publish","type":"page","link":"https:\/\/agencianueva.cl\/en\/que-es-un-dominio\/","title":{"rendered":"Que es un Dominio"},"content":{"rendered":"<div data-elementor-type=\"wp-page\" data-elementor-id=\"10411\" class=\"elementor elementor-10411\" data-elementor-settings=\"[]\">\n\t\t\t\t\t\t\t<div class=\"elementor-section-wrap\">\n\t\t\t\t\t\t\t<section class=\"elementor-section elementor-top-section elementor-element elementor-element-482067b elementor-section-boxed elementor-section-height-default elementor-section-height-default parallax_section_no qode_elementor_container_no\" data-id=\"482067b\" data-element_type=\"section\">\n\t\t\t\t\t\t<div class=\"elementor-container elementor-column-gap-default\">\n\t\t\t\t\t<div class=\"elementor-column elementor-col-100 elementor-top-column elementor-element elementor-element-cbbfceb\" data-id=\"cbbfceb\" data-element_type=\"column\">\n\t\t\t<div class=\"elementor-widget-wrap elementor-element-populated\">\n\t\t\t\t\t\t\t\t<div class=\"elementor-element elementor-element-a80fea5 elementor-widget-divider--view-line elementor-widget elementor-widget-divider\" data-id=\"a80fea5\" data-element_type=\"widget\" data-widget_type=\"divider.default\">\n\t\t\t\t<div class=\"elementor-widget-container\">\n\t\t\t\t\t<div class=\"elementor-divider\">\n\t\t\t<span class=\"elementor-divider-separator\">\n\t\t\t\t\t\t<\/span>\n\t\t<\/div>\n\t\t\t\t<\/div>\n\t\t\t\t<\/div>\n\t\t\t\t\t<\/div>\n\t\t<\/div>\n\t\t\t\t\t\t\t<\/div>\n\t\t<\/section>\n\t\t\t\t<section class=\"elementor-section elementor-top-section elementor-element elementor-element-bd83417 elementor-section-boxed elementor-section-height-default elementor-section-height-default parallax_section_no qode_elementor_container_no\" data-id=\"bd83417\" data-element_type=\"section\">\n\t\t\t\t\t\t<div class=\"elementor-container elementor-column-gap-default\">\n\t\t\t\t\t<div class=\"elementor-column elementor-col-100 elementor-top-column elementor-element elementor-element-5ffa55e\" data-id=\"5ffa55e\" data-element_type=\"column\" data-settings=\"{&quot;background_background&quot;:&quot;classic&quot;}\">\n\t\t\t<div class=\"elementor-widget-wrap elementor-element-populated\">\n\t\t\t\t\t\t\t\t<div class=\"elementor-element elementor-element-3922a9b elementor-widget elementor-widget-heading\" data-id=\"3922a9b\" data-element_type=\"widget\" data-widget_type=\"heading.default\">\n\t\t\t\t<div class=\"elementor-widget-container\">\n\t\t\t<h2 class=\"elementor-heading-title elementor-size-default\">\u00bfQU\u00c9 ES UN DOMINIO?<\/h2>\t\t<\/div>\n\t\t\t\t<\/div>\n\t\t\t\t\t<\/div>\n\t\t<\/div>\n\t\t\t\t\t\t\t<\/div>\n\t\t<\/section>\n\t\t\t\t<section class=\"elementor-section elementor-top-section elementor-element elementor-element-c47306d elementor-section-boxed elementor-section-height-default elementor-section-height-default parallax_section_no qode_elementor_container_no\" data-id=\"c47306d\" data-element_type=\"section\">\n\t\t\t\t\t\t<div class=\"elementor-container elementor-column-gap-default\">\n\t\t\t\t\t<div class=\"elementor-column elementor-col-100 elementor-top-column elementor-element elementor-element-0b49959\" data-id=\"0b49959\" data-element_type=\"column\">\n\t\t\t<div class=\"elementor-widget-wrap elementor-element-populated\">\n\t\t\t\t\t\t\t\t<div class=\"elementor-element elementor-element-39e6f9e elementor-widget-divider--view-line elementor-widget elementor-widget-divider\" data-id=\"39e6f9e\" data-element_type=\"widget\" data-widget_type=\"divider.default\">\n\t\t\t\t<div class=\"elementor-widget-container\">\n\t\t\t\t\t<div class=\"elementor-divider\">\n\t\t\t<span class=\"elementor-divider-separator\">\n\t\t\t\t\t\t<\/span>\n\t\t<\/div>\n\t\t\t\t<\/div>\n\t\t\t\t<\/div>\n\t\t\t\t\t<\/div>\n\t\t<\/div>\n\t\t\t\t\t\t\t<\/div>\n\t\t<\/section>\n\t\t\t\t<section class=\"elementor-section elementor-top-section elementor-element elementor-element-b34e900 elementor-section-boxed elementor-section-height-default elementor-section-height-default parallax_section_no qode_elementor_container_no\" data-id=\"b34e900\" data-element_type=\"section\">\n\t\t\t\t\t\t<div class=\"elementor-container elementor-column-gap-default\">\n\t\t\t\t\t<div class=\"elementor-column elementor-col-100 elementor-top-column elementor-element elementor-element-4eaa17e\" data-id=\"4eaa17e\" data-element_type=\"column\" data-settings=\"{&quot;background_background&quot;:&quot;classic&quot;}\">\n\t\t\t<div class=\"elementor-widget-wrap elementor-element-populated\">\n\t\t\t\t\t\t\t\t<div class=\"elementor-element elementor-element-4b8f0b6 elementor-widget elementor-widget-text-editor\" data-id=\"4b8f0b6\" data-element_type=\"widget\" data-widget_type=\"text-editor.default\">\n\t\t\t\t<div class=\"elementor-widget-container\">\n\t\t\t\t\t<div class=\"elementor-text-editor elementor-clearfix\"><p>Direcci\u00f3n digital \u00fanica. Revisa si el nombre esta disponible.<\/p><p>Dominio, es el nombre que recibe un sitio web en internet. Este nombre identifica a una p\u00e1gina web sin que puedan existir m\u00e1s sitios web con el mismo nombre.<\/p><p>Un dominio se divide en 2 partes:<\/p><p>I \u2013 Nombre: agencianueva \/ detallesamano \/ sentidointegral \/ entre otros.<\/p><p>II \u2013 Extensi\u00f3n: .cl \/ .com \/ .org \/ .digital \/ .tv \/ entre otros.<\/p><p>Ejemplo de dominio:<\/p><p>Nombre + Extensi\u00f3n = agencianueva.cl<\/p><p>El proveedor de dominios para chile es nic.cl<\/p><p>Para un dominio internacional hay mas variedad. Estos manejan diferentes precios y tienen diferentes caracter\u00edsticas. Algunas empresas: Godaddy, Namecheap , Siteground entre otros. Dato a considerar es el costo por protecci\u00f3n de datos.<\/p><\/div>\n\t\t\t\t<\/div>\n\t\t\t\t<\/div>\n\t\t\t\t\t<\/div>\n\t\t<\/div>\n\t\t\t\t\t\t\t<\/div>\n\t\t<\/section>\n\t\t\t\t<section class=\"elementor-section elementor-top-section elementor-element elementor-element-8281692 elementor-section-boxed elementor-section-height-default elementor-section-height-default parallax_section_no qode_elementor_container_no\" data-id=\"8281692\" data-element_type=\"section\">\n\t\t\t\t\t\t<div class=\"elementor-container elementor-column-gap-default\">\n\t\t\t\t\t<div class=\"elementor-column elementor-col-100 elementor-top-column elementor-element elementor-element-c5ea638\" data-id=\"c5ea638\" data-element_type=\"column\">\n\t\t\t<div class=\"elementor-widget-wrap elementor-element-populated\">\n\t\t\t\t\t\t\t\t<div class=\"elementor-element elementor-element-bf2c43f elementor-widget-divider--view-line elementor-widget elementor-widget-divider\" data-id=\"bf2c43f\" data-element_type=\"widget\" data-widget_type=\"divider.default\">\n\t\t\t\t<div class=\"elementor-widget-container\">\n\t\t\t\t\t<div class=\"elementor-divider\">\n\t\t\t<span class=\"elementor-divider-separator\">\n\t\t\t\t\t\t<\/span>\n\t\t<\/div>\n\t\t\t\t<\/div>\n\t\t\t\t<\/div>\n\t\t\t\t\t<\/div>\n\t\t<\/div>\n\t\t\t\t\t\t\t<\/div>\n\t\t<\/section>\n\t\t\t\t\t\t<\/div>\n\t\t\t\t\t<\/div>","protected":false},"excerpt":{"rendered":"<p>\u00bfQU\u00c9 ES UN DOMINIO? Direcci\u00f3n digital \u00fanica. Revisa si el nombre esta disponible. Dominio, es el nombre que recibe un sitio web en internet. Este nombre identifica a una p\u00e1gina web sin que puedan existir m\u00e1s sitios web con el mismo nombre. Un dominio se&#8230;<\/p>","protected":false},"author":1,"featured_media":0,"parent":0,"menu_order":0,"comment_status":"closed","ping_status":"closed","template":"","meta":{"footnotes":""},"class_list":["post-10411","page","type-page","status-publish","hentry"],"_links":{"self":[{"href":"https:\/\/agencianueva.cl\/en\/wp-json\/wp\/v2\/pages\/10411","targetHints":{"allow":["GET"]}}],"collection":[{"href":"https:\/\/agencianueva.cl\/en\/wp-json\/wp\/v2\/pages"}],"about":[{"href":"https:\/\/agencianueva.cl\/en\/wp-json\/wp\/v2\/types\/page"}],"author":[{"embeddable":true,"href":"https:\/\/agencianueva.cl\/en\/wp-json\/wp\/v2\/users\/1"}],"replies":[{"embeddable":true,"href":"https:\/\/agencianueva.cl\/en\/wp-json\/wp\/v2\/comments?post=10411"}],"version-history":[{"count":7,"href":"https:\/\/agencianueva.cl\/en\/wp-json\/wp\/v2\/pages\/10411\/revisions"}],"predecessor-version":[{"id":10553,"href":"https:\/\/agencianueva.cl\/en\/wp-json\/wp\/v2\/pages\/10411\/revisions\/10553"}],"wp:attachment":[{"href":"https:\/\/agencianueva.cl\/en\/wp-json\/wp\/v2\/media?parent=10411"}],"curies":[{"name":"wp","href":"https:\/\/api.w.org\/{rel}","templated":true}]}}