{"id":13708,"date":"2014-03-25T11:23:18","date_gmt":"2014-03-25T11:23:18","guid":{"rendered":"http:\/\/demo.qodeinteractive.com\/bridge11\/?page_id=13708"},"modified":"2014-03-25T11:23:18","modified_gmt":"2014-03-25T11:23:18","slug":"latest-posts-small-image","status":"publish","type":"page","link":"https:\/\/agencianueva.cl\/en\/latest-posts-small-image\/","title":{"rendered":"Latest Posts Small Image"},"content":{"rendered":"<div      class=\"vc_row wpb_row section vc_row-fluid  grid_section\" style='background-color:#ffffff; padding-top:87px; padding-bottom:30px; text-align:left;'><div class=\"section_inner clearfix\"><div class='section_inner_margin clearfix'><div class=\"wpb_column vc_column_container vc_col-sm-12\"><div class=\"vc_column-inner\"><div class=\"wpb_wrapper\">\n\t<div class=\"wpb_text_column wpb_content_element\">\n\t\t<div class=\"wpb_wrapper\">\n\t\t\t<h2 style=\"text-align: center;\">Latest Posts Shortcode<\/h2>\n\n\t\t<\/div> \n\t<\/div> <div class=\"separator  small center\" style=\"margin-top: 7px;margin-bottom: 38px;\"><\/div>\n\n\t<div class=\"wpb_text_column wpb_content_element\">\n\t\t<div class=\"wpb_wrapper\">\n\t\t\t<h4 style=\"text-align: center;\">Carefully crafted elements come together into one amazing design.<\/h4>\n\n\t\t<\/div> \n\t<\/div> <div class=\"separator  transparent center\" style=\"margin-top: 62px;margin-bottom: 15px;\"><\/div>\n<div      class=\"vc_row wpb_row section vc_row-fluid vc_inner\" style=' text-align:left;'><div class=\"full_section_inner clearfix\"><div class=\"wpb_column vc_column_container vc_col-sm-6\"><div class=\"vc_column-inner\"><div class=\"wpb_wrapper\">\n<div class='latest_post_holder image_in_box' >\n    <ul>\n    \n        <li class=\"clearfix\">\n            <div class=\"latest_post\"  >\n                <div class=\"latest_post_image clearfix\">\n                    <a itemprop=\"url\" href=\"https:\/\/agencianueva.cl\/en\/2013\/10\/04\/trends-in-storytelling\/\">\n                                                <img decoding=\"async\" itemprop=\"image\" src=\"\" alt=\"\" \/>\n                    <\/a>\n                <\/div>\n\n\n                <div class=\"latest_post_text\">\n                    <div class=\"latest_post_inner\">\n                        <div class=\"latest_post_text_inner\">\n                            <h5 itemprop=\"name\" class=\"latest_post_title entry_title\"><a itemprop=\"url\" href=\"https:\/\/agencianueva.cl\/en\/2013\/10\/04\/trends-in-storytelling\/\">Trends in storytelling<\/a><\/h5>\n                            <p class=\"excerpt\">The term minimalism is also used to describe a trend in design and architecture where in the subject is reduced to its n...<\/p>\n                            <span class=\"post_infos\">\n                                                                    <span class=\"date_hour_holder\">\n                                        <span itemprop=\"dateCreated\" class=\"date entry_date updated\">04 October, 2013 <meta itemprop=\"interactionCount\" content=\"UserComments: 0\"\/><\/span>\n                                    <\/span>\n                                \n                                \n                                \n                                    <span class=\"dots\"><i class=\"fa fa-square\"><\/i><\/span>\n                                    <a itemprop=\"url\" class=\"post_comments\" href=\"https:\/\/agencianueva.cl\/en\/2013\/10\/04\/trends-in-storytelling\/#respond\">No comment<\/a>\n                                \n                                \n                                                            <\/span>\n                        <\/div>\n                    <\/div>\n                <\/div>\n            <\/div>\n        <\/li>\n        \n        <li class=\"clearfix\">\n            <div class=\"latest_post\"  >\n                <div class=\"latest_post_image clearfix\">\n                    <a itemprop=\"url\" href=\"https:\/\/agencianueva.cl\/en\/2013\/10\/04\/inteligent-transitions-in-ux-design\/\">\n                                                <img decoding=\"async\" itemprop=\"image\" src=\"https:\/\/agencianueva.cl\/wp-content\/uploads\/2013\/10\/b-inteligent-transitions-in-ux-design-150x150.jpg\" alt=\"\" \/>\n                    <\/a>\n                <\/div>\n\n\n                <div class=\"latest_post_text\">\n                    <div class=\"latest_post_inner\">\n                        <div class=\"latest_post_text_inner\">\n                            <h5 itemprop=\"name\" class=\"latest_post_title entry_title\"><a itemprop=\"url\" href=\"https:\/\/agencianueva.cl\/en\/2013\/10\/04\/inteligent-transitions-in-ux-design\/\">Transitions &#8211; UX Design<\/a><\/h5>\n                            <p class=\"excerpt\">The term minimalism is also used to describe a trend in design and architecture where in the subject is reduced to its n...<\/p>\n                            <span class=\"post_infos\">\n                                                                    <span class=\"date_hour_holder\">\n                                        <span itemprop=\"dateCreated\" class=\"date entry_date updated\">04 October, 2013 <meta itemprop=\"interactionCount\" content=\"UserComments: 2\"\/><\/span>\n                                    <\/span>\n                                \n                                \n                                \n                                    <span class=\"dots\"><i class=\"fa fa-square\"><\/i><\/span>\n                                    <a itemprop=\"url\" class=\"post_comments\" href=\"https:\/\/agencianueva.cl\/en\/2013\/10\/04\/inteligent-transitions-in-ux-design\/#comments\">2 Comments<\/a>\n                                \n                                \n                                                            <\/span>\n                        <\/div>\n                    <\/div>\n                <\/div>\n            <\/div>\n        <\/li>\n        \n        <li class=\"clearfix\">\n            <div class=\"latest_post\"  >\n                <div class=\"latest_post_image clearfix\">\n                    <a itemprop=\"url\" href=\"https:\/\/agencianueva.cl\/en\/2013\/10\/04\/portugal-2013-gallery\/\">\n                                                <img decoding=\"async\" itemprop=\"image\" src=\"\" alt=\"\" \/>\n                    <\/a>\n                <\/div>\n\n\n                <div class=\"latest_post_text\">\n                    <div class=\"latest_post_inner\">\n                        <div class=\"latest_post_text_inner\">\n                            <h5 itemprop=\"name\" class=\"latest_post_title entry_title\"><a itemprop=\"url\" href=\"https:\/\/agencianueva.cl\/en\/2013\/10\/04\/portugal-2013-gallery\/\">Portugal 2013 &#8211; gallery<\/a><\/h5>\n                            <p class=\"excerpt\">The term minimalism is also used to describe a trend in design and architecture where in the subject is reduced to its n...<\/p>\n                            <span class=\"post_infos\">\n                                                                    <span class=\"date_hour_holder\">\n                                        <span itemprop=\"dateCreated\" class=\"date entry_date updated\">04 October, 2013 <meta itemprop=\"interactionCount\" content=\"UserComments: 1\"\/><\/span>\n                                    <\/span>\n                                \n                                \n                                \n                                    <span class=\"dots\"><i class=\"fa fa-square\"><\/i><\/span>\n                                    <a itemprop=\"url\" class=\"post_comments\" href=\"https:\/\/agencianueva.cl\/en\/2013\/10\/04\/portugal-2013-gallery\/#comments\">1 Comment<\/a>\n                                \n                                \n                                                            <\/span>\n                        <\/div>\n                    <\/div>\n                <\/div>\n            <\/div>\n        <\/li>\n        \n        <li class=\"clearfix\">\n            <div class=\"latest_post\"  >\n                <div class=\"latest_post_image clearfix\">\n                    <a itemprop=\"url\" href=\"https:\/\/agencianueva.cl\/en\/2013\/10\/04\/madrids-photographer-marathon\/\">\n                                                <img decoding=\"async\" itemprop=\"image\" src=\"\" alt=\"\" \/>\n                    <\/a>\n                <\/div>\n\n\n                <div class=\"latest_post_text\">\n                    <div class=\"latest_post_inner\">\n                        <div class=\"latest_post_text_inner\">\n                            <h5 itemprop=\"name\" class=\"latest_post_title entry_title\"><a itemprop=\"url\" href=\"https:\/\/agencianueva.cl\/en\/2013\/10\/04\/madrids-photographer-marathon\/\">Photo marathon<\/a><\/h5>\n                            <p class=\"excerpt\">The term minimalism is also used to describe a trend in design and architecture where in the subject is reduced to its n...<\/p>\n                            <span class=\"post_infos\">\n                                                                    <span class=\"date_hour_holder\">\n                                        <span itemprop=\"dateCreated\" class=\"date entry_date updated\">04 October, 2013 <meta itemprop=\"interactionCount\" content=\"UserComments: 0\"\/><\/span>\n                                    <\/span>\n                                \n                                \n                                \n                                    <span class=\"dots\"><i class=\"fa fa-square\"><\/i><\/span>\n                                    <a itemprop=\"url\" class=\"post_comments\" href=\"https:\/\/agencianueva.cl\/en\/2013\/10\/04\/madrids-photographer-marathon\/#respond\">No comment<\/a>\n                                \n                                \n                                                            <\/span>\n                        <\/div>\n                    <\/div>\n                <\/div>\n            <\/div>\n        <\/li>\n        \n    <\/ul>\n<\/div><div class=\"separator  transparent center\" style=\"margin-top: 52px;margin-bottom: 0px;\"><\/div>\n<\/div><\/div><\/div><div class=\"wpb_column vc_column_container vc_col-sm-6\"><div class=\"vc_column-inner\"><div class=\"wpb_wrapper\">\n<div class='latest_post_holder image_in_box' >\n    <ul>\n    \n        <li class=\"clearfix\">\n            <div class=\"latest_post\"  >\n                <div class=\"latest_post_image clearfix\">\n                    <a itemprop=\"url\" href=\"https:\/\/agencianueva.cl\/en\/2020\/02\/19\/hello-world-3\/\">\n                                                <img decoding=\"async\" itemprop=\"image\" src=\"https:\/\/agencianueva.cl\/wp-content\/uploads\/2020\/02\/te-fuiiste-150x150.jpg\" alt=\"\" \/>\n                    <\/a>\n                <\/div>\n\n\n                <div class=\"latest_post_text\">\n                    <div class=\"latest_post_inner\">\n                        <div class=\"latest_post_text_inner\">\n                            <h5 itemprop=\"name\" class=\"latest_post_title entry_title\"><a itemprop=\"url\" href=\"https:\/\/agencianueva.cl\/en\/2020\/02\/19\/hello-world-3\/\">3<\/a><\/h5>\n                            <p class=\"excerpt\">\u00bfQU\u00c9 ES UN HOSTING Y CU\u00c1L ES SU FUNCI\u00d3N? Hosting o Servidor Cuando creas un sitio web, b\u00e1sicamente subes datos a interne...<\/p>\n                            <span class=\"post_infos\">\n                                                                    <span class=\"date_hour_holder\">\n                                        <span itemprop=\"dateCreated\" class=\"date entry_date updated\">19 February, 2020 <meta itemprop=\"interactionCount\" content=\"UserComments: 1\"\/><\/span>\n                                    <\/span>\n                                \n                                \n                                \n                                    <span class=\"dots\"><i class=\"fa fa-square\"><\/i><\/span>\n                                    <a itemprop=\"url\" class=\"post_comments\" href=\"https:\/\/agencianueva.cl\/en\/2020\/02\/19\/hello-world-3\/#comments\">1 Comment<\/a>\n                                \n                                \n                                                            <\/span>\n                        <\/div>\n                    <\/div>\n                <\/div>\n            <\/div>\n        <\/li>\n        \n        <li class=\"clearfix\">\n            <div class=\"latest_post\"  >\n                <div class=\"latest_post_image clearfix\">\n                    <a itemprop=\"url\" href=\"https:\/\/agencianueva.cl\/en\/2020\/02\/19\/hello-world-4\/\">\n                                                <img decoding=\"async\" itemprop=\"image\" src=\"https:\/\/agencianueva.cl\/wp-content\/uploads\/2025\/02\/bloggggs-2-150x150.jpg\" alt=\"\" \/>\n                    <\/a>\n                <\/div>\n\n\n                <div class=\"latest_post_text\">\n                    <div class=\"latest_post_inner\">\n                        <div class=\"latest_post_text_inner\">\n                            <h5 itemprop=\"name\" class=\"latest_post_title entry_title\"><a itemprop=\"url\" href=\"https:\/\/agencianueva.cl\/en\/2020\/02\/19\/hello-world-4\/\">5 e-comm<\/a><\/h5>\n                            <p class=\"excerpt\">5 PASOS PARA CREAR UN E-COMMERCE crear una p\u00e1gina web. 5 pasos para crear una web corporativa 1 .- An\u00e1lisis Global Antes...<\/p>\n                            <span class=\"post_infos\">\n                                                                    <span class=\"date_hour_holder\">\n                                        <span itemprop=\"dateCreated\" class=\"date entry_date updated\">19 February, 2020 <meta itemprop=\"interactionCount\" content=\"UserComments: 1\"\/><\/span>\n                                    <\/span>\n                                \n                                \n                                \n                                    <span class=\"dots\"><i class=\"fa fa-square\"><\/i><\/span>\n                                    <a itemprop=\"url\" class=\"post_comments\" href=\"https:\/\/agencianueva.cl\/en\/2020\/02\/19\/hello-world-4\/#comments\">1 Comment<\/a>\n                                \n                                \n                                                            <\/span>\n                        <\/div>\n                    <\/div>\n                <\/div>\n            <\/div>\n        <\/li>\n        \n        <li class=\"clearfix\">\n            <div class=\"latest_post\"  >\n                <div class=\"latest_post_image clearfix\">\n                    <a itemprop=\"url\" href=\"https:\/\/agencianueva.cl\/en\/2021\/02\/07\/hello-world\/\">\n                                                <img decoding=\"async\" itemprop=\"image\" src=\"https:\/\/agencianueva.cl\/wp-content\/uploads\/2020\/02\/te-fuiiste-150x150.jpg\" alt=\"\" \/>\n                    <\/a>\n                <\/div>\n\n\n                <div class=\"latest_post_text\">\n                    <div class=\"latest_post_inner\">\n                        <div class=\"latest_post_text_inner\">\n                            <h5 itemprop=\"name\" class=\"latest_post_title entry_title\"><a itemprop=\"url\" href=\"https:\/\/agencianueva.cl\/en\/2021\/02\/07\/hello-world\/\">5 web<\/a><\/h5>\n                            <p class=\"excerpt\">5 PASOS PARA CREAR UNA P\u00c1GINA WEB...<\/p>\n                            <span class=\"post_infos\">\n                                                                    <span class=\"date_hour_holder\">\n                                        <span itemprop=\"dateCreated\" class=\"date entry_date updated\">07 February, 2021 <meta itemprop=\"interactionCount\" content=\"UserComments: 1\"\/><\/span>\n                                    <\/span>\n                                \n                                \n                                \n                                    <span class=\"dots\"><i class=\"fa fa-square\"><\/i><\/span>\n                                    <a itemprop=\"url\" class=\"post_comments\" href=\"https:\/\/agencianueva.cl\/en\/2021\/02\/07\/hello-world\/#comments\">1 Comment<\/a>\n                                \n                                \n                                                            <\/span>\n                        <\/div>\n                    <\/div>\n                <\/div>\n            <\/div>\n        <\/li>\n        \n        <li class=\"clearfix\">\n            <div class=\"latest_post\"  >\n                <div class=\"latest_post_image clearfix\">\n                    <a itemprop=\"url\" href=\"https:\/\/agencianueva.cl\/en\/2013\/10\/04\/already-there\/\">\n                                                <img decoding=\"async\" itemprop=\"image\" src=\"\" alt=\"\" \/>\n                    <\/a>\n                <\/div>\n\n\n                <div class=\"latest_post_text\">\n                    <div class=\"latest_post_inner\">\n                        <div class=\"latest_post_text_inner\">\n                            <h5 itemprop=\"name\" class=\"latest_post_title entry_title\"><a itemprop=\"url\" href=\"https:\/\/agencianueva.cl\/en\/2013\/10\/04\/already-there\/\">Already There<\/a><\/h5>\n                            <p class=\"excerpt\">The term minimalism is also used to describe a trend in design and architecture where in the subject is reduced to its n...<\/p>\n                            <span class=\"post_infos\">\n                                                                    <span class=\"date_hour_holder\">\n                                        <span itemprop=\"dateCreated\" class=\"date entry_date updated\">04 October, 2013 <meta itemprop=\"interactionCount\" content=\"UserComments: 0\"\/><\/span>\n                                    <\/span>\n                                \n                                \n                                \n                                    <span class=\"dots\"><i class=\"fa fa-square\"><\/i><\/span>\n                                    <a itemprop=\"url\" class=\"post_comments\" href=\"https:\/\/agencianueva.cl\/en\/2013\/10\/04\/already-there\/#respond\">No comment<\/a>\n                                \n                                \n                                                            <\/span>\n                        <\/div>\n                    <\/div>\n                <\/div>\n            <\/div>\n        <\/li>\n        \n    <\/ul>\n<\/div><div class=\"separator  transparent center\" style=\"margin-top: 52px;margin-bottom: 0px;\"><\/div>\n<\/div><\/div><\/div><\/div><\/div><\/div><\/div><\/div><\/div><\/div><\/div>","protected":false},"excerpt":{"rendered":"Far far away, behind the word mountains, far from the countries Vokalia and Consonantia, there live the blind texts. Separated they live in Bookmarksgrove right at the coast of the Semantics, a large language ocean. A small river named Duden flows by their place and...","protected":false},"author":1,"featured_media":0,"parent":0,"menu_order":0,"comment_status":"open","ping_status":"open","template":"full_width.php","meta":{"footnotes":""},"class_list":["post-13708","page","type-page","status-publish","hentry"],"_links":{"self":[{"href":"https:\/\/agencianueva.cl\/en\/wp-json\/wp\/v2\/pages\/13708","targetHints":{"allow":["GET"]}}],"collection":[{"href":"https:\/\/agencianueva.cl\/en\/wp-json\/wp\/v2\/pages"}],"about":[{"href":"https:\/\/agencianueva.cl\/en\/wp-json\/wp\/v2\/types\/page"}],"author":[{"embeddable":true,"href":"https:\/\/agencianueva.cl\/en\/wp-json\/wp\/v2\/users\/1"}],"replies":[{"embeddable":true,"href":"https:\/\/agencianueva.cl\/en\/wp-json\/wp\/v2\/comments?post=13708"}],"version-history":[{"count":0,"href":"https:\/\/agencianueva.cl\/en\/wp-json\/wp\/v2\/pages\/13708\/revisions"}],"wp:attachment":[{"href":"https:\/\/agencianueva.cl\/en\/wp-json\/wp\/v2\/media?parent=13708"}],"curies":[{"name":"wp","href":"https:\/\/api.w.org\/{rel}","templated":true}]}}