{"id":5847,"date":"2023-08-04T02:01:08","date_gmt":"2023-08-04T02:01:08","guid":{"rendered":"https:\/\/agencianueva.cl\/?page_id=5847"},"modified":"2023-08-23T21:05:13","modified_gmt":"2023-08-23T21:05:13","slug":"propuesta","status":"publish","type":"page","link":"https:\/\/agencianueva.cl\/en\/propuesta\/","title":{"rendered":"Propuesta"},"content":{"rendered":"<div data-elementor-type=\"wp-page\" data-elementor-id=\"5847\" class=\"elementor elementor-5847\" data-elementor-settings=\"[]\">\n\t\t\t\t\t\t\t<div class=\"elementor-section-wrap\">\n\t\t\t\t\t\t\t<section class=\"elementor-section elementor-top-section elementor-element elementor-element-8a4e07b elementor-section-boxed elementor-section-height-default elementor-section-height-default parallax_section_no qode_elementor_container_no\" data-id=\"8a4e07b\" data-element_type=\"section\">\n\t\t\t\t\t\t<div class=\"elementor-container elementor-column-gap-default\">\n\t\t\t\t\t<div class=\"elementor-column elementor-col-100 elementor-top-column elementor-element elementor-element-c099031\" data-id=\"c099031\" data-element_type=\"column\">\n\t\t\t<div class=\"elementor-widget-wrap elementor-element-populated\">\n\t\t\t\t\t\t\t\t<div class=\"elementor-element elementor-element-8fec178 elementor-widget elementor-widget-text-editor\" data-id=\"8fec178\" data-element_type=\"widget\" data-widget_type=\"text-editor.default\">\n\t\t\t\t<div class=\"elementor-widget-container\">\n\t\t\t\t\t<div class=\"elementor-text-editor elementor-clearfix\"><h1>Propuesta<\/h1><\/div>\n\t\t\t\t<\/div>\n\t\t\t\t<\/div>\n\t\t\t\t<div class=\"elementor-element elementor-element-b05912e elementor-widget elementor-widget-text-editor\" data-id=\"b05912e\" data-element_type=\"widget\" data-widget_type=\"text-editor.default\">\n\t\t\t\t<div class=\"elementor-widget-container\">\n\t\t\t\t\t<div class=\"elementor-text-editor elementor-clearfix\"><p>_______________________<\/p><\/div>\n\t\t\t\t<\/div>\n\t\t\t\t<\/div>\n\t\t\t\t\t<\/div>\n\t\t<\/div>\n\t\t\t\t\t\t\t<\/div>\n\t\t<\/section>\n\t\t\t\t<section class=\"elementor-section elementor-top-section elementor-element elementor-element-02cdd4c elementor-section-boxed elementor-section-height-default elementor-section-height-default parallax_section_no qode_elementor_container_no\" data-id=\"02cdd4c\" data-element_type=\"section\">\n\t\t\t\t\t\t<div class=\"elementor-container elementor-column-gap-default\">\n\t\t\t\t\t<div class=\"elementor-column elementor-col-100 elementor-top-column elementor-element elementor-element-9538d08\" data-id=\"9538d08\" data-element_type=\"column\">\n\t\t\t<div class=\"elementor-widget-wrap elementor-element-populated\">\n\t\t\t\t\t\t\t\t<div class=\"elementor-element elementor-element-1d593d1 elementor-widget elementor-widget-text-editor\" data-id=\"1d593d1\" data-element_type=\"widget\" data-widget_type=\"text-editor.default\">\n\t\t\t\t<div class=\"elementor-widget-container\">\n\t\t\t\t\t<div class=\"elementor-text-editor elementor-clearfix\"><h2><strong>Situaci\u00f3n Actual.<\/strong><\/h2><\/div>\n\t\t\t\t<\/div>\n\t\t\t\t<\/div>\n\t\t\t\t<div class=\"elementor-element elementor-element-f94862b elementor-widget elementor-widget-text-editor\" data-id=\"f94862b\" data-element_type=\"widget\" data-widget_type=\"text-editor.default\">\n\t\t\t\t<div class=\"elementor-widget-container\">\n\t\t\t\t\t<div class=\"elementor-text-editor elementor-clearfix\"><h3>\u00a0<\/h3><h3>Desorden general en la organizaci\u00f3n y\u00a0 creaci\u00f3n de contenido. Esto lleva a una mala comunicaci\u00f3n.<\/h3><h3>DIDAF. Direcci\u00f3n de Deportes PUCV.<\/h3><\/div>\n\t\t\t\t<\/div>\n\t\t\t\t<\/div>\n\t\t\t\t\t<\/div>\n\t\t<\/div>\n\t\t\t\t\t\t\t<\/div>\n\t\t<\/section>\n\t\t\t\t<section class=\"elementor-section elementor-top-section elementor-element elementor-element-57b4e90 elementor-section-boxed elementor-section-height-default elementor-section-height-default parallax_section_no qode_elementor_container_no\" data-id=\"57b4e90\" data-element_type=\"section\">\n\t\t\t\t\t\t<div class=\"elementor-container elementor-column-gap-default\">\n\t\t\t\t\t<div class=\"elementor-column elementor-col-100 elementor-top-column elementor-element elementor-element-284970a\" data-id=\"284970a\" data-element_type=\"column\">\n\t\t\t<div class=\"elementor-widget-wrap elementor-element-populated\">\n\t\t\t\t\t\t\t\t<div class=\"elementor-element elementor-element-3f87988 elementor-widget elementor-widget-text-editor\" data-id=\"3f87988\" data-element_type=\"widget\" data-widget_type=\"text-editor.default\">\n\t\t\t\t<div class=\"elementor-widget-container\">\n\t\t\t\t\t<div class=\"elementor-text-editor elementor-clearfix\"><h2><strong>Definir Objetivos.<\/strong><\/h2><\/div>\n\t\t\t\t<\/div>\n\t\t\t\t<\/div>\n\t\t\t\t<div class=\"elementor-element elementor-element-ce8ccbf elementor-widget elementor-widget-text-editor\" data-id=\"ce8ccbf\" data-element_type=\"widget\" data-widget_type=\"text-editor.default\">\n\t\t\t\t<div class=\"elementor-widget-container\">\n\t\t\t\t\t<div class=\"elementor-text-editor elementor-clearfix\"><h3>Crear una estrategia de visibilizaci\u00f3n de las actividades que se est\u00e1n realizando en los diferentes campus de la Universidad.<\/h3><h3>Crear una estrategia para simplificar los pasos de cada etapa de los usuarios hasta llegar a una clase presencial de la actividad que selecionan. De esta manera tendremos m\u00e1s alumno en cada clase y acitividades que ofrece a travez de la APP. Incorporamos un metodo de creac\u00edon de contenido\u00a0<\/h3><\/div>\n\t\t\t\t<\/div>\n\t\t\t\t<\/div>\n\t\t\t\t\t<\/div>\n\t\t<\/div>\n\t\t\t\t\t\t\t<\/div>\n\t\t<\/section>\n\t\t\t\t<section class=\"elementor-section elementor-top-section elementor-element elementor-element-80b601e elementor-section-boxed elementor-section-height-default elementor-section-height-default parallax_section_no qode_elementor_container_no\" data-id=\"80b601e\" data-element_type=\"section\">\n\t\t\t\t\t\t<div class=\"elementor-container elementor-column-gap-default\">\n\t\t\t\t\t<div class=\"elementor-column elementor-col-100 elementor-top-column elementor-element elementor-element-ace6004\" data-id=\"ace6004\" data-element_type=\"column\">\n\t\t\t<div class=\"elementor-widget-wrap elementor-element-populated\">\n\t\t\t\t\t\t\t\t<div class=\"elementor-element elementor-element-d4ee23f elementor-widget elementor-widget-text-editor\" data-id=\"d4ee23f\" data-element_type=\"widget\" data-widget_type=\"text-editor.default\">\n\t\t\t\t<div class=\"elementor-widget-container\">\n\t\t\t\t\t<div class=\"elementor-text-editor elementor-clearfix\"><h2><strong>Donde est\u00e1n los clientes.<\/strong><\/h2><\/div>\n\t\t\t\t<\/div>\n\t\t\t\t<\/div>\n\t\t\t\t<div class=\"elementor-element elementor-element-aa9ecfa elementor-widget elementor-widget-text-editor\" data-id=\"aa9ecfa\" data-element_type=\"widget\" data-widget_type=\"text-editor.default\">\n\t\t\t\t<div class=\"elementor-widget-container\">\n\t\t\t\t\t<div class=\"elementor-text-editor elementor-clearfix\"><h3>Alumnos.<\/h3><h3>Profesores.<\/h3><h3>Trabajadores.<\/h3><h3>\u00a0<\/h3><\/div>\n\t\t\t\t<\/div>\n\t\t\t\t<\/div>\n\t\t\t\t\t<\/div>\n\t\t<\/div>\n\t\t\t\t\t\t\t<\/div>\n\t\t<\/section>\n\t\t\t\t<section class=\"elementor-section elementor-top-section elementor-element elementor-element-cfa2e3e elementor-section-boxed elementor-section-height-default elementor-section-height-default parallax_section_no qode_elementor_container_no\" data-id=\"cfa2e3e\" data-element_type=\"section\">\n\t\t\t\t\t\t<div class=\"elementor-container elementor-column-gap-default\">\n\t\t\t\t\t<div class=\"elementor-column elementor-col-100 elementor-top-column elementor-element elementor-element-621270d\" data-id=\"621270d\" data-element_type=\"column\">\n\t\t\t<div class=\"elementor-widget-wrap elementor-element-populated\">\n\t\t\t\t\t\t\t\t<div class=\"elementor-element elementor-element-e5355a9 elementor-widget elementor-widget-text-editor\" data-id=\"e5355a9\" data-element_type=\"widget\" data-widget_type=\"text-editor.default\">\n\t\t\t\t<div class=\"elementor-widget-container\">\n\t\t\t\t\t<div class=\"elementor-text-editor elementor-clearfix\"><h2><strong>Como lo hacemos.<\/strong><\/h2><\/div>\n\t\t\t\t<\/div>\n\t\t\t\t<\/div>\n\t\t\t\t<div class=\"elementor-element elementor-element-2aeb1b5 elementor-widget elementor-widget-text-editor\" data-id=\"2aeb1b5\" data-element_type=\"widget\" data-widget_type=\"text-editor.default\">\n\t\t\t\t<div class=\"elementor-widget-container\">\n\t\t\t\t\t<div class=\"elementor-text-editor elementor-clearfix\"><h3>Creamos una estrategia para simplificar los pasos de cada etapa. Desde que hacen una pregunta por instagram, hasta llegar a una clase presencial de la actividad que selecionan.<\/h3><\/div>\n\t\t\t\t<\/div>\n\t\t\t\t<\/div>\n\t\t\t\t\t<\/div>\n\t\t<\/div>\n\t\t\t\t\t\t\t<\/div>\n\t\t<\/section>\n\t\t\t\t<section class=\"elementor-section elementor-top-section elementor-element elementor-element-9276d4c elementor-section-boxed elementor-section-height-default elementor-section-height-default parallax_section_no qode_elementor_container_no\" data-id=\"9276d4c\" data-element_type=\"section\">\n\t\t\t\t\t\t<div class=\"elementor-container elementor-column-gap-default\">\n\t\t\t\t\t<div class=\"elementor-column elementor-col-33 elementor-top-column elementor-element elementor-element-ac9c728\" data-id=\"ac9c728\" data-element_type=\"column\">\n\t\t\t<div class=\"elementor-widget-wrap elementor-element-populated\">\n\t\t\t\t\t\t\t\t<div class=\"elementor-element elementor-element-76dada9 elementor-widget elementor-widget-text-editor\" data-id=\"76dada9\" data-element_type=\"widget\" data-widget_type=\"text-editor.default\">\n\t\t\t\t<div class=\"elementor-widget-container\">\n\t\t\t\t\t<div class=\"elementor-text-editor elementor-clearfix\"><h2>P\u00e1gina Web\u00a0<\/h2><h3>\u00a0<\/h3><\/div>\n\t\t\t\t<\/div>\n\t\t\t\t<\/div>\n\t\t\t\t<div class=\"elementor-element elementor-element-d146761 elementor-widget elementor-widget-text-editor\" data-id=\"d146761\" data-element_type=\"widget\" data-widget_type=\"text-editor.default\">\n\t\t\t\t<div class=\"elementor-widget-container\">\n\t\t\t\t\t<div class=\"elementor-text-editor elementor-clearfix\"><h3>\u00b7 An\u00e1lisis Global.<\/h3><h3>\u00b7 Dise\u00f1o responsivo.<\/h3><h3>\u00b7 L\u00ednea gr\u00e1fica.<\/h3><h3>\u00b7 Autoadministrable.<\/h3><h3>\u00b7 Bot\u00f3n directo a Whatsapp<\/h3><h3>\u00b7 Formulario de contacto.<\/h3><h3>\u00b7 Enlace a Instagram.<\/h3><h3>\u00b7 3 Cuentas de e-mail.<\/h3><h3>\u00b7 Certificado SSL.<\/h3><h3>\u00b7 Enlace a RRSS Instagram.<\/h3><h3>\u00b7 4 Gr\u00e1ficas para Feed (IG)<\/h3><h3>\u00b7 4 Gr\u00e1ficas para historia (IG)<\/h3><h3>\u00b7 Dise\u00f1o cartel carretera.<\/h3><h3>\u00b7 Informe y estad\u00edsticas.<\/h3><\/div>\n\t\t\t\t<\/div>\n\t\t\t\t<\/div>\n\t\t\t\t<div class=\"elementor-element elementor-element-087717e elementor-widget elementor-widget-text-editor\" data-id=\"087717e\" data-element_type=\"widget\" data-widget_type=\"text-editor.default\">\n\t\t\t\t<div class=\"elementor-widget-container\">\n\t\t\t\t\t<div class=\"elementor-text-editor elementor-clearfix\"><p>Implementaci\u00f3n 2 meses<\/p><\/div>\n\t\t\t\t<\/div>\n\t\t\t\t<\/div>\n\t\t\t\t<div class=\"elementor-element elementor-element-53f50f9 elementor-widget elementor-widget-text-editor\" data-id=\"53f50f9\" data-element_type=\"widget\" data-widget_type=\"text-editor.default\">\n\t\t\t\t<div class=\"elementor-widget-container\">\n\t\t\t\t\t<div class=\"elementor-text-editor elementor-clearfix\"><p><strong>Equipo:<\/strong><\/p><h5>Direcci\u00f3n<\/h5><h5>Desarrollo<\/h5><h5>Dise\u00f1o<\/h5><\/div>\n\t\t\t\t<\/div>\n\t\t\t\t<\/div>\n\t\t\t\t\t<\/div>\n\t\t<\/div>\n\t\t\t\t<div class=\"elementor-column elementor-col-33 elementor-top-column elementor-element elementor-element-a802be1\" data-id=\"a802be1\" data-element_type=\"column\">\n\t\t\t<div class=\"elementor-widget-wrap elementor-element-populated\">\n\t\t\t\t\t\t\t\t<div class=\"elementor-element elementor-element-dc18714 elementor-widget elementor-widget-text-editor\" data-id=\"dc18714\" data-element_type=\"widget\" data-widget_type=\"text-editor.default\">\n\t\t\t\t<div class=\"elementor-widget-container\">\n\t\t\t\t\t<div class=\"elementor-text-editor elementor-clearfix\"><h2>Marketing Digital<\/h2><h3>\u00a0<\/h3><\/div>\n\t\t\t\t<\/div>\n\t\t\t\t<\/div>\n\t\t\t\t<div class=\"elementor-element elementor-element-dedb9e5 elementor-widget elementor-widget-text-editor\" data-id=\"dedb9e5\" data-element_type=\"widget\" data-widget_type=\"text-editor.default\">\n\t\t\t\t<div class=\"elementor-widget-container\">\n\t\t\t\t\t<div class=\"elementor-text-editor elementor-clearfix\"><h3>\u00b7 Creaci\u00f3n de estrategias.<\/h3><h3>\u00b7 Soporte.<\/h3><h3>\u00b7 Dise\u00f1o.<\/h3><h3>\u00b7 Fotograf\u00eda.<\/h3><h3>\u00b7 Video.<\/h3><h3>\u00b7 Edici\u00f3n.<\/h3><h3>\u00b7 Social Media.<\/h3><h3>\u00b7 Community Manager.<\/h3><h3>\u00b7 Informe y estad\u00edsticas.<\/h3><\/div>\n\t\t\t\t<\/div>\n\t\t\t\t<\/div>\n\t\t\t\t<div class=\"elementor-element elementor-element-94b8a18 elementor-widget elementor-widget-text-editor\" data-id=\"94b8a18\" data-element_type=\"widget\" data-widget_type=\"text-editor.default\">\n\t\t\t\t<div class=\"elementor-widget-container\">\n\t\t\t\t\t<div class=\"elementor-text-editor elementor-clearfix\"><p>Implementaci\u00f3n 3 meses<\/p><\/div>\n\t\t\t\t<\/div>\n\t\t\t\t<\/div>\n\t\t\t\t<div class=\"elementor-element elementor-element-4238800 elementor-widget elementor-widget-text-editor\" data-id=\"4238800\" data-element_type=\"widget\" data-widget_type=\"text-editor.default\">\n\t\t\t\t<div class=\"elementor-widget-container\">\n\t\t\t\t\t<div class=\"elementor-text-editor elementor-clearfix\"><h3>Configuraciones generales para RRSS<\/h3><h3>\u00a0<\/h3><\/div>\n\t\t\t\t<\/div>\n\t\t\t\t<\/div>\n\t\t\t\t<div class=\"elementor-element elementor-element-a516165 elementor-widget elementor-widget-text-editor\" data-id=\"a516165\" data-element_type=\"widget\" data-widget_type=\"text-editor.default\">\n\t\t\t\t<div class=\"elementor-widget-container\">\n\t\t\t\t\t<div class=\"elementor-text-editor elementor-clearfix\"><h3>Fotograf\u00eda y Video Profesional 0 (2 a 3 D\u00edas)<\/h3><\/div>\n\t\t\t\t<\/div>\n\t\t\t\t<\/div>\n\t\t\t\t<div class=\"elementor-element elementor-element-e74a615 elementor-widget elementor-widget-text-editor\" data-id=\"e74a615\" data-element_type=\"widget\" data-widget_type=\"text-editor.default\">\n\t\t\t\t<div class=\"elementor-widget-container\">\n\t\t\t\t\t<div class=\"elementor-text-editor elementor-clearfix\"><h3>Fotograf\u00eda y Video Profesional\u00a0 (5 d\u00edas)<\/h3><\/div>\n\t\t\t\t<\/div>\n\t\t\t\t<\/div>\n\t\t\t\t<div class=\"elementor-element elementor-element-a3ae494 elementor-widget elementor-widget-text-editor\" data-id=\"a3ae494\" data-element_type=\"widget\" data-widget_type=\"text-editor.default\">\n\t\t\t\t<div class=\"elementor-widget-container\">\n\t\t\t\t\t<div class=\"elementor-text-editor elementor-clearfix\"><p><strong>Equipo:<\/strong><\/p><h5>Direcci\u00f3n<\/h5><h5>Dise\u00f1o<\/h5><h5>Fotograf\u00eda<\/h5><h5>Video<\/h5><h5>Copywriting<\/h5><h5>Soporte<\/h5><h5>Social Media<\/h5><h5>Community Manager (Paola)<\/h5><h5>Ventas (Paola)<\/h5><\/div>\n\t\t\t\t<\/div>\n\t\t\t\t<\/div>\n\t\t\t\t\t<\/div>\n\t\t<\/div>\n\t\t\t\t<div class=\"elementor-column elementor-col-33 elementor-top-column elementor-element elementor-element-df53e2f\" data-id=\"df53e2f\" data-element_type=\"column\">\n\t\t\t<div class=\"elementor-widget-wrap elementor-element-populated\">\n\t\t\t\t\t\t\t\t<div class=\"elementor-element elementor-element-b72a042 elementor-widget elementor-widget-text-editor\" data-id=\"b72a042\" data-element_type=\"widget\" data-widget_type=\"text-editor.default\">\n\t\t\t\t<div class=\"elementor-widget-container\">\n\t\t\t\t\t<div class=\"elementor-text-editor elementor-clearfix\"><h2 id=\"\u00bfqu\u00e9-es-el-growth-marketing\">Web + Marketing<\/h2><h3>\u00a0<\/h3><\/div>\n\t\t\t\t<\/div>\n\t\t\t\t<\/div>\n\t\t\t\t<div class=\"elementor-element elementor-element-7c2f241 elementor-widget elementor-widget-text-editor\" data-id=\"7c2f241\" data-element_type=\"widget\" data-widget_type=\"text-editor.default\">\n\t\t\t\t<div class=\"elementor-widget-container\">\n\t\t\t\t\t<div class=\"elementor-text-editor elementor-clearfix\"><\/div>\n\t\t\t\t<\/div>\n\t\t\t\t<\/div>\n\t\t\t\t<div class=\"elementor-element elementor-element-12515f2 elementor-widget elementor-widget-text-editor\" data-id=\"12515f2\" data-element_type=\"widget\" data-widget_type=\"text-editor.default\">\n\t\t\t\t<div class=\"elementor-widget-container\">\n\t\t\t\t\t<div class=\"elementor-text-editor elementor-clearfix\"><p>Implementaci\u00f3n 3 meses<\/p><\/div>\n\t\t\t\t<\/div>\n\t\t\t\t<\/div>\n\t\t\t\t<div class=\"elementor-element elementor-element-a93462a elementor-widget elementor-widget-text-editor\" data-id=\"a93462a\" data-element_type=\"widget\" data-widget_type=\"text-editor.default\">\n\t\t\t\t<div class=\"elementor-widget-container\">\n\t\t\t\t\t<div class=\"elementor-text-editor elementor-clearfix\"><p><strong>Equipo:<\/strong><\/p><h5>Direcci\u00f3n<\/h5><h5>Producci\u00f3n<\/h5><h5>Dise\u00f1o<\/h5><h5>Fotograf\u00eda<\/h5><h5>Video<\/h5><h5>Copywriting<\/h5><h5>Soporte<\/h5><h5>Social Media<\/h5><h5>Community Manager (Paola)<\/h5><h5>Ventas (Paola)<\/h5><\/div>\n\t\t\t\t<\/div>\n\t\t\t\t<\/div>\n\t\t\t\t\t<\/div>\n\t\t<\/div>\n\t\t\t\t\t\t\t<\/div>\n\t\t<\/section>\n\t\t\t\t<section class=\"elementor-section elementor-top-section elementor-element elementor-element-d0d5c05 elementor-section-boxed elementor-section-height-default elementor-section-height-default parallax_section_no qode_elementor_container_no\" data-id=\"d0d5c05\" data-element_type=\"section\">\n\t\t\t\t\t\t<div class=\"elementor-container elementor-column-gap-default\">\n\t\t\t\t\t<div class=\"elementor-column elementor-col-100 elementor-top-column elementor-element elementor-element-b253ae3\" data-id=\"b253ae3\" data-element_type=\"column\">\n\t\t\t<div class=\"elementor-widget-wrap elementor-element-populated\">\n\t\t\t\t\t\t\t\t<div class=\"elementor-element elementor-element-cb62eb5 elementor-widget elementor-widget-text-editor\" data-id=\"cb62eb5\" data-element_type=\"widget\" data-widget_type=\"text-editor.default\">\n\t\t\t\t<div class=\"elementor-widget-container\">\n\t\t\t\t\t<div class=\"elementor-text-editor elementor-clearfix\"><h2><strong>Condiciones.<\/strong><\/h2><\/div>\n\t\t\t\t<\/div>\n\t\t\t\t<\/div>\n\t\t\t\t<div class=\"elementor-element elementor-element-fe42590 elementor-widget elementor-widget-text-editor\" data-id=\"fe42590\" data-element_type=\"widget\" data-widget_type=\"text-editor.default\">\n\t\t\t\t<div class=\"elementor-widget-container\">\n\t\t\t\t\t<div class=\"elementor-text-editor elementor-clearfix\"><h3>\u2022 Los precios est\u00e1n sin IVA.<br \/>\u2022 El An\u00e1lisis Global es necesario en todos los casos.<br \/>\u2022 Las campa\u00f1as est\u00e1n planeadas para un m\u00ednimo de 6 meses.<br \/>\u2022 Las campa\u00f1as estar\u00e1n solo en un idioma.<br \/>\u2022 Las campa\u00f1as servir\u00e1n solo para un sitio web.<br \/>\u2022 Una vez aprobado el presupuesto se redactar\u00e1 un breve contrato con los servicios y cl\u00e1usulas.<br \/>\u2022 La factura ser\u00e1 enviada a principio de cada mes.<br \/>\u2022 Horario de atenci\u00f3n : Lunes a jueves 09:00 a 17:00 \u2013 S\u00e1bado 16:00 22:00.<br \/>\u2022 Agencia Nueva se reserva el derecho de suspender los servicios por no pago.<\/h3><\/div>\n\t\t\t\t<\/div>\n\t\t\t\t<\/div>\n\t\t\t\t\t<\/div>\n\t\t<\/div>\n\t\t\t\t\t\t\t<\/div>\n\t\t<\/section>\n\t\t\t\t\t\t<\/div>\n\t\t\t\t\t<\/div>","protected":false},"excerpt":{"rendered":"<p>Propuesta _______________________ Situaci\u00f3n Actual. \u00a0 Desorden general en la organizaci\u00f3n y\u00a0 creaci\u00f3n de contenido. Esto lleva a una mala comunicaci\u00f3n. DIDAF. Direcci\u00f3n de Deportes PUCV. Definir Objetivos. Crear una estrategia de visibilizaci\u00f3n de las actividades que se est\u00e1n realizando en los diferentes campus de la&#8230;<\/p>","protected":false},"author":1,"featured_media":0,"parent":0,"menu_order":0,"comment_status":"closed","ping_status":"closed","template":"","meta":{"footnotes":""},"class_list":["post-5847","page","type-page","status-publish","hentry"],"_links":{"self":[{"href":"https:\/\/agencianueva.cl\/en\/wp-json\/wp\/v2\/pages\/5847","targetHints":{"allow":["GET"]}}],"collection":[{"href":"https:\/\/agencianueva.cl\/en\/wp-json\/wp\/v2\/pages"}],"about":[{"href":"https:\/\/agencianueva.cl\/en\/wp-json\/wp\/v2\/types\/page"}],"author":[{"embeddable":true,"href":"https:\/\/agencianueva.cl\/en\/wp-json\/wp\/v2\/users\/1"}],"replies":[{"embeddable":true,"href":"https:\/\/agencianueva.cl\/en\/wp-json\/wp\/v2\/comments?post=5847"}],"version-history":[{"count":158,"href":"https:\/\/agencianueva.cl\/en\/wp-json\/wp\/v2\/pages\/5847\/revisions"}],"predecessor-version":[{"id":6177,"href":"https:\/\/agencianueva.cl\/en\/wp-json\/wp\/v2\/pages\/5847\/revisions\/6177"}],"wp:attachment":[{"href":"https:\/\/agencianueva.cl\/en\/wp-json\/wp\/v2\/media?parent=5847"}],"curies":[{"name":"wp","href":"https:\/\/api.w.org\/{rel}","templated":true}]}}