{"id":9043,"date":"2025-02-27T00:53:59","date_gmt":"2025-02-27T00:53:59","guid":{"rendered":"https:\/\/agencianueva.cl\/?page_id=9043"},"modified":"2025-05-10T17:57:02","modified_gmt":"2025-05-10T17:57:02","slug":"que-es-un-hosting","status":"publish","type":"page","link":"https:\/\/agencianueva.cl\/en\/que-es-un-hosting\/","title":{"rendered":"\u00bfQUE ES UN HOSTING?"},"content":{"rendered":"<div data-elementor-type=\"wp-page\" data-elementor-id=\"9043\" class=\"elementor elementor-9043\" data-elementor-settings=\"[]\">\n\t\t\t\t\t\t\t<div class=\"elementor-section-wrap\">\n\t\t\t\t\t\t\t<section class=\"elementor-section elementor-top-section elementor-element elementor-element-e674095 elementor-section-boxed elementor-section-height-default elementor-section-height-default parallax_section_no qode_elementor_container_no\" data-id=\"e674095\" data-element_type=\"section\">\n\t\t\t\t\t\t<div class=\"elementor-container elementor-column-gap-default\">\n\t\t\t\t\t<div class=\"elementor-column elementor-col-100 elementor-top-column elementor-element elementor-element-0303e77\" data-id=\"0303e77\" data-element_type=\"column\">\n\t\t\t<div class=\"elementor-widget-wrap elementor-element-populated\">\n\t\t\t\t\t\t\t\t<div class=\"elementor-element elementor-element-619b890 elementor-widget-divider--view-line elementor-widget elementor-widget-divider\" data-id=\"619b890\" data-element_type=\"widget\" data-widget_type=\"divider.default\">\n\t\t\t\t<div class=\"elementor-widget-container\">\n\t\t\t\t\t<div class=\"elementor-divider\">\n\t\t\t<span class=\"elementor-divider-separator\">\n\t\t\t\t\t\t<\/span>\n\t\t<\/div>\n\t\t\t\t<\/div>\n\t\t\t\t<\/div>\n\t\t\t\t\t<\/div>\n\t\t<\/div>\n\t\t\t\t\t\t\t<\/div>\n\t\t<\/section>\n\t\t\t\t<section class=\"elementor-section elementor-top-section elementor-element elementor-element-4577a41 elementor-section-boxed elementor-section-height-default elementor-section-height-default parallax_section_no qode_elementor_container_no\" data-id=\"4577a41\" data-element_type=\"section\">\n\t\t\t\t\t\t<div class=\"elementor-container elementor-column-gap-default\">\n\t\t\t\t\t<div class=\"elementor-column elementor-col-100 elementor-top-column elementor-element elementor-element-03fe0da\" data-id=\"03fe0da\" data-element_type=\"column\" data-settings=\"{&quot;background_background&quot;:&quot;classic&quot;}\">\n\t\t\t<div class=\"elementor-widget-wrap elementor-element-populated\">\n\t\t\t\t\t\t\t\t<div class=\"elementor-element elementor-element-11691ca elementor-widget elementor-widget-heading\" data-id=\"11691ca\" data-element_type=\"widget\" data-widget_type=\"heading.default\">\n\t\t\t\t<div class=\"elementor-widget-container\">\n\t\t\t<h2 class=\"elementor-heading-title elementor-size-default\">\u00bfQu\u00e9 es un hosting?<\/h2>\t\t<\/div>\n\t\t\t\t<\/div>\n\t\t\t\t\t<\/div>\n\t\t<\/div>\n\t\t\t\t\t\t\t<\/div>\n\t\t<\/section>\n\t\t\t\t<section class=\"elementor-section elementor-top-section elementor-element elementor-element-4e3e185 elementor-section-boxed elementor-section-height-default elementor-section-height-default parallax_section_no qode_elementor_container_no\" data-id=\"4e3e185\" data-element_type=\"section\">\n\t\t\t\t\t\t<div class=\"elementor-container elementor-column-gap-default\">\n\t\t\t\t\t<div class=\"elementor-column elementor-col-100 elementor-top-column elementor-element elementor-element-71f2d13\" data-id=\"71f2d13\" data-element_type=\"column\">\n\t\t\t<div class=\"elementor-widget-wrap elementor-element-populated\">\n\t\t\t\t\t\t\t\t<div class=\"elementor-element elementor-element-100e525 elementor-widget-divider--view-line elementor-widget elementor-widget-divider\" data-id=\"100e525\" data-element_type=\"widget\" data-widget_type=\"divider.default\">\n\t\t\t\t<div class=\"elementor-widget-container\">\n\t\t\t\t\t<div class=\"elementor-divider\">\n\t\t\t<span class=\"elementor-divider-separator\">\n\t\t\t\t\t\t<\/span>\n\t\t<\/div>\n\t\t\t\t<\/div>\n\t\t\t\t<\/div>\n\t\t\t\t\t<\/div>\n\t\t<\/div>\n\t\t\t\t\t\t\t<\/div>\n\t\t<\/section>\n\t\t\t\t<section class=\"elementor-section elementor-top-section elementor-element elementor-element-2ead15f elementor-section-boxed elementor-section-height-default elementor-section-height-default parallax_section_no qode_elementor_container_no\" data-id=\"2ead15f\" data-element_type=\"section\">\n\t\t\t\t\t\t<div class=\"elementor-container elementor-column-gap-default\">\n\t\t\t\t\t<div class=\"elementor-column elementor-col-100 elementor-top-column elementor-element elementor-element-dddafe0\" data-id=\"dddafe0\" data-element_type=\"column\" data-settings=\"{&quot;background_background&quot;:&quot;classic&quot;}\">\n\t\t\t<div class=\"elementor-widget-wrap elementor-element-populated\">\n\t\t\t\t\t\t\t\t<div class=\"elementor-element elementor-element-748bab0 elementor-widget elementor-widget-text-editor\" data-id=\"748bab0\" data-element_type=\"widget\" data-widget_type=\"text-editor.default\">\n\t\t\t\t<div class=\"elementor-widget-container\">\n\t\t\t\t\t<div class=\"elementor-text-editor elementor-clearfix\"><p>Cuando creas un sitio web, b\u00e1sicamente subes datos a internet (fotos, videos, textos, etc.), y no es que est\u00e9n volando en internet. Algo tiene que contener esos datos para que est\u00e9n disponibles 24\/7. Eso es el hosting, tambi\u00e9n conocido como servidor.<\/p><\/div>\n\t\t\t\t<\/div>\n\t\t\t\t<\/div>\n\t\t\t\t\t<\/div>\n\t\t<\/div>\n\t\t\t\t\t\t\t<\/div>\n\t\t<\/section>\n\t\t\t\t<section class=\"elementor-section elementor-top-section elementor-element elementor-element-4f892bb elementor-section-boxed elementor-section-height-default elementor-section-height-default parallax_section_no qode_elementor_container_no\" data-id=\"4f892bb\" data-element_type=\"section\">\n\t\t\t\t\t\t<div class=\"elementor-container elementor-column-gap-default\">\n\t\t\t\t\t<div class=\"elementor-column elementor-col-100 elementor-top-column elementor-element elementor-element-a23f081\" data-id=\"a23f081\" data-element_type=\"column\" data-settings=\"{&quot;background_background&quot;:&quot;classic&quot;}\">\n\t\t\t<div class=\"elementor-widget-wrap elementor-element-populated\">\n\t\t\t\t\t\t\t\t<div class=\"elementor-element elementor-element-43585d5 elementor-widget elementor-widget-image\" data-id=\"43585d5\" data-element_type=\"widget\" data-widget_type=\"image.default\">\n\t\t\t\t<div class=\"elementor-widget-container\">\n\t\t\t\t\t<div class=\"elementor-image\">\n\t\t\t\t\t\t\t\t\t\t<img decoding=\"async\" src=\"https:\/\/agencianueva.cl\/wp-content\/uploads\/elementor\/thumbs\/Captura-de-Pantalla-2022-05-18-a-las-19.25.18-pp0p5i2n476oudg3u4t06fjgm4twi3q11bhswd6oxk.png\" title=\"Captura de Pantalla 2022-05-18 a la(s) 19.25.18\" alt=\"Captura de Pantalla 2022-05-18 a la(s) 19.25.18\" \/>\t\t\t\t\t\t\t\t\t\t\t<\/div>\n\t\t\t\t<\/div>\n\t\t\t\t<\/div>\n\t\t\t\t\t<\/div>\n\t\t<\/div>\n\t\t\t\t\t\t\t<\/div>\n\t\t<\/section>\n\t\t\t\t<section class=\"elementor-section elementor-top-section elementor-element elementor-element-5327fe3 elementor-section-boxed elementor-section-height-default elementor-section-height-default parallax_section_no qode_elementor_container_no\" data-id=\"5327fe3\" data-element_type=\"section\">\n\t\t\t\t\t\t<div class=\"elementor-container elementor-column-gap-default\">\n\t\t\t\t\t<div class=\"elementor-column elementor-col-100 elementor-top-column elementor-element elementor-element-bcec2fc\" data-id=\"bcec2fc\" data-element_type=\"column\" data-settings=\"{&quot;background_background&quot;:&quot;classic&quot;}\">\n\t\t\t<div class=\"elementor-widget-wrap elementor-element-populated\">\n\t\t\t\t\t\t\t\t<div class=\"elementor-element elementor-element-e145d41 elementor-widget elementor-widget-text-editor\" data-id=\"e145d41\" data-element_type=\"widget\" data-widget_type=\"text-editor.default\">\n\t\t\t\t<div class=\"elementor-widget-container\">\n\t\t\t\t\t<div class=\"elementor-text-editor elementor-clearfix\"><p>El Hosting es el almacenamiento del Sitio web. Ac\u00e1 es donde vive, donde se alojan los datos que tu subes. desde ac\u00e1 puedes administrarlos (subir, bajar, modificar, etc).<\/p><p>Un factor muy importante para escogerlo es saber cu\u00e1ntas visitas vas a tener en tu sitio web (si no sabes con exactitud, un calculo aproximado).<\/p><p>Dependiendo del tipo de sitio web que quieras crear, necesitar\u00e1s un servicio de hosting u otro. Por ejemplo, si quieres crear un blog personal, un plan de hosting de los m\u00e1s b\u00e1sicos ser\u00eda suficiente. Pero, si tu sitio web es una tienda online o una web corporativa de una empresa, tal vez te convenga m\u00e1s un servicio de alojamiento m\u00e1s profesional. Si no est\u00e1s seguro o tienes dudas sobre qu\u00e9 servicio elegir, la recomendaci\u00f3n es partir de a poco, despu\u00e9s vas creciendo seg\u00fan las necesidades de la web, por ejemplo partir con un hosting compartido.<\/p><\/div>\n\t\t\t\t<\/div>\n\t\t\t\t<\/div>\n\t\t\t\t\t<\/div>\n\t\t<\/div>\n\t\t\t\t\t\t\t<\/div>\n\t\t<\/section>\n\t\t\t\t<section class=\"elementor-section elementor-top-section elementor-element elementor-element-0388ec1 elementor-section-boxed elementor-section-height-default elementor-section-height-default parallax_section_no qode_elementor_container_no\" data-id=\"0388ec1\" data-element_type=\"section\">\n\t\t\t\t\t\t<div class=\"elementor-container elementor-column-gap-default\">\n\t\t\t\t\t<div class=\"elementor-column elementor-col-100 elementor-top-column elementor-element elementor-element-a9a896f\" data-id=\"a9a896f\" data-element_type=\"column\" data-settings=\"{&quot;background_background&quot;:&quot;classic&quot;}\">\n\t\t\t<div class=\"elementor-widget-wrap elementor-element-populated\">\n\t\t\t\t\t\t\t\t<div class=\"elementor-element elementor-element-33c85f3 elementor-widget elementor-widget-heading\" data-id=\"33c85f3\" data-element_type=\"widget\" data-widget_type=\"heading.default\">\n\t\t\t\t<div class=\"elementor-widget-container\">\n\t\t\t<h2 class=\"elementor-heading-title elementor-size-default\">tipos de hosting<\/h2>\t\t<\/div>\n\t\t\t\t<\/div>\n\t\t\t\t\t<\/div>\n\t\t<\/div>\n\t\t\t\t\t\t\t<\/div>\n\t\t<\/section>\n\t\t\t\t<section class=\"elementor-section elementor-top-section elementor-element elementor-element-7a3596d elementor-section-boxed elementor-section-height-default elementor-section-height-default parallax_section_no qode_elementor_container_no\" data-id=\"7a3596d\" data-element_type=\"section\">\n\t\t\t\t\t\t<div class=\"elementor-container elementor-column-gap-default\">\n\t\t\t\t\t<div class=\"elementor-column elementor-col-100 elementor-top-column elementor-element elementor-element-5aba9a0\" data-id=\"5aba9a0\" data-element_type=\"column\" data-settings=\"{&quot;background_background&quot;:&quot;classic&quot;}\">\n\t\t\t<div class=\"elementor-widget-wrap elementor-element-populated\">\n\t\t\t\t\t\t\t\t<div class=\"elementor-element elementor-element-52c0cee elementor-widget elementor-widget-image\" data-id=\"52c0cee\" data-element_type=\"widget\" data-widget_type=\"image.default\">\n\t\t\t\t<div class=\"elementor-widget-container\">\n\t\t\t\t\t<div class=\"elementor-image\">\n\t\t\t\t\t\t\t\t\t\t<img loading=\"lazy\" decoding=\"async\" width=\"1024\" height=\"337\" src=\"https:\/\/agencianueva.cl\/wp-content\/uploads\/2022\/05\/TIPOS-DE-HOSTING-copia-2-1024x337.png\" class=\"attachment-large size-large\" alt=\"\" srcset=\"https:\/\/agencianueva.cl\/wp-content\/uploads\/2022\/05\/TIPOS-DE-HOSTING-copia-2-1024x337.png 1024w, https:\/\/agencianueva.cl\/wp-content\/uploads\/2022\/05\/TIPOS-DE-HOSTING-copia-2-600x197.png 600w, https:\/\/agencianueva.cl\/wp-content\/uploads\/2022\/05\/TIPOS-DE-HOSTING-copia-2-300x99.png 300w, https:\/\/agencianueva.cl\/wp-content\/uploads\/2022\/05\/TIPOS-DE-HOSTING-copia-2-768x252.png 768w, https:\/\/agencianueva.cl\/wp-content\/uploads\/2022\/05\/TIPOS-DE-HOSTING-copia-2-1536x505.png 1536w, https:\/\/agencianueva.cl\/wp-content\/uploads\/2022\/05\/TIPOS-DE-HOSTING-copia-2-700x230.png 700w, https:\/\/agencianueva.cl\/wp-content\/uploads\/2022\/05\/TIPOS-DE-HOSTING-copia-2.png 1734w\" sizes=\"auto, (max-width: 1024px) 100vw, 1024px\" \/>\t\t\t\t\t\t\t\t\t\t\t<\/div>\n\t\t\t\t<\/div>\n\t\t\t\t<\/div>\n\t\t\t\t\t<\/div>\n\t\t<\/div>\n\t\t\t\t\t\t\t<\/div>\n\t\t<\/section>\n\t\t\t\t<section class=\"elementor-section elementor-top-section elementor-element elementor-element-24c5622 elementor-section-boxed elementor-section-height-default elementor-section-height-default parallax_section_no qode_elementor_container_no\" data-id=\"24c5622\" data-element_type=\"section\">\n\t\t\t\t\t\t<div class=\"elementor-container elementor-column-gap-default\">\n\t\t\t\t\t<div class=\"elementor-column elementor-col-100 elementor-top-column elementor-element elementor-element-93b4a1a\" data-id=\"93b4a1a\" data-element_type=\"column\" data-settings=\"{&quot;background_background&quot;:&quot;classic&quot;}\">\n\t\t\t<div class=\"elementor-widget-wrap elementor-element-populated\">\n\t\t\t\t\t\t\t\t<div class=\"elementor-element elementor-element-56975fc elementor-widget elementor-widget-text-editor\" data-id=\"56975fc\" data-element_type=\"widget\" data-widget_type=\"text-editor.default\">\n\t\t\t\t<div class=\"elementor-widget-container\">\n\t\t\t\t\t<div class=\"elementor-text-editor elementor-clearfix\"><p><strong>Hosting compartido<\/strong><\/p><p>Un plan de hosting o alojamiento web compartido te proporciona espacio en un servidor (hosting) en el que compartes recursos con m\u00e1s usuarios. Dependiendo del plan que selecciones, puedes tener varios sitios web alojados en un mismo hosting.<\/p><p><strong>Hosting virtual VPS<\/strong><\/p><p>Un servidor virtual privado o VPS es un servidor f\u00edsico dividido en m\u00faltiples m\u00e1quinas virtuales independientes entre s\u00ed. Ya que el hardware es compartido, el costo de un servidor virtual suele ser bastante inferior al de un servidor dedicado (f\u00edsico). La gran ventaja es que un VPS cuenta con recursos garantizados, que no se comparten con nadie y que puedes utilizar como t\u00fa prefieras. Esto te concede m\u00e1s potencia y flexibilidad que un hosting compartido.<\/p><p><strong>Hosting <\/strong><strong>dedicado<\/strong><\/p><p>B\u00e1sicamente, se define como una m\u00e1quina f\u00edsica, un computador, con uso exclusivo para un \u00fanico cliente. Ese cliente es usuario absoluto de los recursos de ese servidor, desde el ancho de banda hasta el espacio en disco. Los servidores dedicados son especialmente necesarios para sitios web con un gran volumen de visitas y tr\u00e1fico mensual o que necesitan hacer un uso intensivo de recursos de almacenamiento, transferencia, flexibilidad y rendimiento.<\/p><p>Para entenderlo de manera mas pr\u00e1ctica, un hosting compartido es como tener una pieza en la universidad, tienes un espacio para tus cosas, pero bastante reducido. Un VPS es similar pero con mas comodidades, por ejemplo tienes la pieza, una sala de estar y un jard\u00edn. Un servidor dedicado ya puede ser una casa o un edificio para ti solo, dependiendo el tama\u00f1o de lo que necesitas.<\/p><p><strong>Cloud Hosting<\/strong><\/p><p>El hosting en la nube o Cloud Hosting es actualmente la soluci\u00f3n m\u00e1s confiable, ya que no tiene tiempos de inactividad. Con este hosting en la nube, tu proveedor te da un conjunto de servidores. Tus archivos y recursos se replican en cada servidor. Cuando uno de los servidores en la nube est\u00e1 ocupado o tiene alg\u00fan problema, tu tr\u00e1fico se dirige autom\u00e1ticamente a otro servidor del conjunto. Es como tener varios hosting para un sitio web.<\/p><p><strong>Hosting Gratis.<\/strong><\/p><p>Estos servidores generalmente tienen poco espacio o est\u00e1n asociados a publicidad. Cuando tus visitas estan navegando le aparece una publicidad no relacionada. con tu proyecto.<\/p><\/div>\n\t\t\t\t<\/div>\n\t\t\t\t<\/div>\n\t\t\t\t\t<\/div>\n\t\t<\/div>\n\t\t\t\t\t\t\t<\/div>\n\t\t<\/section>\n\t\t\t\t<section class=\"elementor-section elementor-top-section elementor-element elementor-element-5e8ce75 elementor-section-boxed elementor-section-height-default elementor-section-height-default parallax_section_no qode_elementor_container_no\" data-id=\"5e8ce75\" data-element_type=\"section\">\n\t\t\t\t\t\t<div class=\"elementor-container elementor-column-gap-default\">\n\t\t\t\t\t<div class=\"elementor-column elementor-col-100 elementor-top-column elementor-element elementor-element-962a1ba\" data-id=\"962a1ba\" data-element_type=\"column\">\n\t\t\t<div class=\"elementor-widget-wrap elementor-element-populated\">\n\t\t\t\t\t\t\t\t<div class=\"elementor-element elementor-element-93da5eb elementor-widget-divider--view-line elementor-widget elementor-widget-divider\" data-id=\"93da5eb\" data-element_type=\"widget\" data-widget_type=\"divider.default\">\n\t\t\t\t<div class=\"elementor-widget-container\">\n\t\t\t\t\t<div class=\"elementor-divider\">\n\t\t\t<span class=\"elementor-divider-separator\">\n\t\t\t\t\t\t<\/span>\n\t\t<\/div>\n\t\t\t\t<\/div>\n\t\t\t\t<\/div>\n\t\t\t\t\t<\/div>\n\t\t<\/div>\n\t\t\t\t\t\t\t<\/div>\n\t\t<\/section>\n\t\t\t\t\t\t<\/div>\n\t\t\t\t\t<\/div>","protected":false},"excerpt":{"rendered":"<p>\u00bfQu\u00e9 es un hosting? Cuando creas un sitio web, b\u00e1sicamente subes datos a internet (fotos, videos, textos, etc.), y no es que est\u00e9n volando en internet. Algo tiene que contener esos datos para que est\u00e9n disponibles 24\/7. Eso es el hosting, tambi\u00e9n conocido como servidor&#8230;.<\/p>","protected":false},"author":1,"featured_media":0,"parent":0,"menu_order":0,"comment_status":"closed","ping_status":"closed","template":"","meta":{"footnotes":""},"class_list":["post-9043","page","type-page","status-publish","hentry"],"_links":{"self":[{"href":"https:\/\/agencianueva.cl\/en\/wp-json\/wp\/v2\/pages\/9043","targetHints":{"allow":["GET"]}}],"collection":[{"href":"https:\/\/agencianueva.cl\/en\/wp-json\/wp\/v2\/pages"}],"about":[{"href":"https:\/\/agencianueva.cl\/en\/wp-json\/wp\/v2\/types\/page"}],"author":[{"embeddable":true,"href":"https:\/\/agencianueva.cl\/en\/wp-json\/wp\/v2\/users\/1"}],"replies":[{"embeddable":true,"href":"https:\/\/agencianueva.cl\/en\/wp-json\/wp\/v2\/comments?post=9043"}],"version-history":[{"count":16,"href":"https:\/\/agencianueva.cl\/en\/wp-json\/wp\/v2\/pages\/9043\/revisions"}],"predecessor-version":[{"id":10430,"href":"https:\/\/agencianueva.cl\/en\/wp-json\/wp\/v2\/pages\/9043\/revisions\/10430"}],"wp:attachment":[{"href":"https:\/\/agencianueva.cl\/en\/wp-json\/wp\/v2\/media?parent=9043"}],"curies":[{"name":"wp","href":"https:\/\/api.w.org\/{rel}","templated":true}]}}